{"id":412,"date":"2023-11-05T16:19:44","date_gmt":"2023-11-05T14:19:44","guid":{"rendered":"https:\/\/cristyleonard.com\/?post_type=product&#038;p=412"},"modified":"2024-01-31T17:11:04","modified_gmt":"2024-01-31T15:11:04","slug":"gallery-of-legendary-soccer-players","status":"publish","type":"product","link":"https:\/\/cristyleonard.com\/nl\/product\/gallery-of-legendary-soccer-players\/","title":{"rendered":"Gallery of legendary soccer players."},"content":{"rendered":"<p>Gallery of legendary soccer players. &#8220;You have to do it well, but then they will know you&#8221;: Ge\u00efnspireerd op het Laatste Avondmaal (Il Cenacolo of L&#8217;Ultima Cena) de muurschildering van Leonardo da Vinci.<\/p>\n<p>Anton\u00edn Panenka; Cristiano Ronaldo; David Beckham; Diego Maradona; Franz Beckenbauer; George Best; Jennifer Hermoso; Johan Cruijff; Lionel Messi; Ruud Gullit; Zin\u00e9dine Zidane; Zlatan Ibrahimovi\u0107; Pel\u00e9.<\/p>\n<p><strong>Mixed Media Art<\/strong><\/p>\n<p>De kunstwerken zijn uit 6 lagen opgebouwd waardoor schilderkunst en fotografie zowel elkaar omarmen als overlappen. De structuur van de doeken zijn soms glad soms grillig en korrelig aan de oppervlakte maar steeds weer anders. De vele technieken die wij gebruiken maakt de kunstwerken spannend en nodigen uit tot blijven kijken en ontdekken. Fictie en werkelijkheid komen samen en zijn een uitdaging voor uw ogen.<\/p>\n<p>Ieder kunstwerk heeft een eigenzinnige po\u00ebtische tekst die u meeneemt in soms een sprookje, een nadenker of een one liner maar ook deze teksten prikkelen de zintuigen. De werken zijn ge\u00efnspireerd op het heden, verleden en toekomst. Doordat er zowel voor als na het proces geschilderd wordt zullen de kleuren etc altijd weer anders maar zeker uniek, mooi en strelend voor het oog zijn. Er is veel mogelijk binnen de grenzen van het al sowieso uniek zijn.<\/p>\n<p><strong>Uniek en voorzien van certificaat<\/strong><\/p>\n<p>Een kunstwerk moet je raken in je hart maar vertelt ook een verhaal zodat je er naar wil blijven kijken zonder verveeld te raken. Soms is het een spektakel van kleuren en soms is het zacht en lieflijk maar ieder kunstwerk roept ook een bepaalde vorm van spanning op die ook weer maakt dat je je afvraagt hoe het zit of hoe de lijnen lopen en geloof ons achterhalen wordt moeilijk zelfs soms voor ons.<\/p>\n<p>De stukken zijn op top kwaliteit canvas gemaakt. Alle doeken zijn kleurvast doordat de lagen zo zijn opgebouwd dat schade voor buitenaf niet tot het doek kan komen. Ieder kunstwerk is voorzien van een echtheid certificaat waardoor maakt dat ieder kunstwerk ook zijn waarde behoud en in dat opzicht er \u2018geen verwarring \u2018kan heersen. Gallery of legendary soccer players.<\/p>\n<p><a href=\"https:\/\/cristyleonard.com\/nl\/gallery\/\">Gallery<\/a><\/p>\n","protected":false},"excerpt":{"rendered":"<p>&#8220;You have to do it well, but then they will know you&#8221;:<\/p>\n<p>Anton\u00edn Panenka; Cristiano Ronaldo; David Beckham; Diego Maradona; Franz Beckenbauer; George Best; Jennifer Hermoso; Johan Cruijff; Lionel Messi; Ruud Gullit; Zin\u00e9dine Zidane; Zlatan Ibrahimovi\u0107; Pel\u00e9.<\/p>\n","protected":false},"featured_media":409,"template":"","meta":{"_acf_changed":false},"product_brand":[],"product_cat":[63,64],"product_tag":[121,124,119,126,129,38,144,128,123,103,125,130,120,122,127],"class_list":{"0":"post-412","1":"product","2":"type-product","3":"status-publish","4":"has-post-thumbnail","6":"product_cat-famous","7":"product_cat-old-masters","8":"product_tag-antonin-panenka","9":"product_tag-cristiano-ronaldo","10":"product_tag-david-beckham","11":"product_tag-diego-maradona","12":"product_tag-franz-beckenbauer","13":"product_tag-gallery-of-legendary-footballers","14":"product_tag-gallery-of-legendary-soccer-players","15":"product_tag-george-best","16":"product_tag-jennifer-hermoso","17":"product_tag-johan-cruijff","18":"product_tag-lionel-messi","19":"product_tag-pele","20":"product_tag-ruud-gullit","21":"product_tag-zinedine-zidane","22":"product_tag-zlatan-ibrahimovic","24":"first","25":"instock","26":"sold-individually","27":"shipping-taxable","28":"purchasable","29":"product-type-simple"},"acf":[],"yoast_head":"<!-- This site is optimized with the Yoast SEO plugin v26.2 - https:\/\/yoast.com\/wordpress\/plugins\/seo\/ -->\n<title>Gallery of legendary soccer players. - CristyLeonard<\/title>\n<meta name=\"description\" content=\"Gallery of legendary soccer players. Ge\u00efnspireerd op het Laatste Avondmaal (Il Cenacolo of L&#039;Ultima Cena) de muurschildering van Leonardo da Vinci.\" \/>\n<meta name=\"robots\" content=\"index, follow, max-snippet:-1, max-image-preview:large, max-video-preview:-1\" \/>\n<link rel=\"canonical\" href=\"https:\/\/cristyleonard.com\/nl\/product\/gallery-of-legendary-soccer-players\/\" \/>\n<meta property=\"og:locale\" content=\"nl_NL\" \/>\n<meta property=\"og:type\" content=\"article\" \/>\n<meta property=\"og:title\" content=\"Gallery of legendary soccer players. - CristyLeonard\" \/>\n<meta property=\"og:description\" content=\"Gallery of legendary soccer players. Ge\u00efnspireerd op het Laatste Avondmaal (Il Cenacolo of L&#039;Ultima Cena) de muurschildering van Leonardo da Vinci.\" \/>\n<meta property=\"og:url\" content=\"https:\/\/cristyleonard.com\/nl\/product\/gallery-of-legendary-soccer-players\/\" \/>\n<meta property=\"og:site_name\" content=\"CristyLeonard\" \/>\n<meta property=\"article:modified_time\" content=\"2024-01-31T15:11:04+00:00\" \/>\n<meta property=\"og:image\" content=\"https:\/\/cristyleonard.com\/wp-content\/uploads\/2023\/11\/IMG_6581-1.jpg\" \/>\n\t<meta property=\"og:image:width\" content=\"1276\" \/>\n\t<meta property=\"og:image:height\" content=\"634\" \/>\n\t<meta property=\"og:image:type\" content=\"image\/jpeg\" \/>\n<meta name=\"twitter:card\" content=\"summary_large_image\" \/>\n<meta name=\"twitter:label1\" content=\"Geschatte leestijd\" \/>\n\t<meta name=\"twitter:data1\" content=\"2 minuten\" \/>\n<script type=\"application\/ld+json\" class=\"yoast-schema-graph\">{\"@context\":\"https:\/\/schema.org\",\"@graph\":[{\"@type\":\"WebPage\",\"@id\":\"https:\/\/cristyleonard.com\/nl\/product\/gallery-of-legendary-soccer-players\/\",\"url\":\"https:\/\/cristyleonard.com\/nl\/product\/gallery-of-legendary-soccer-players\/\",\"name\":\"Gallery of legendary soccer players. - CristyLeonard\",\"isPartOf\":{\"@id\":\"https:\/\/cristyleonard.com\/#website\"},\"primaryImageOfPage\":{\"@id\":\"https:\/\/cristyleonard.com\/nl\/product\/gallery-of-legendary-soccer-players\/#primaryimage\"},\"image\":{\"@id\":\"https:\/\/cristyleonard.com\/nl\/product\/gallery-of-legendary-soccer-players\/#primaryimage\"},\"thumbnailUrl\":\"https:\/\/cristyleonard.com\/wp-content\/uploads\/2023\/11\/IMG_6581-1.jpg\",\"datePublished\":\"2023-11-05T14:19:44+00:00\",\"dateModified\":\"2024-01-31T15:11:04+00:00\",\"description\":\"Gallery of legendary soccer players. Ge\u00efnspireerd op het Laatste Avondmaal (Il Cenacolo of L'Ultima Cena) de muurschildering van Leonardo da Vinci.\",\"breadcrumb\":{\"@id\":\"https:\/\/cristyleonard.com\/nl\/product\/gallery-of-legendary-soccer-players\/#breadcrumb\"},\"inLanguage\":\"nl-NL\",\"potentialAction\":[{\"@type\":\"ReadAction\",\"target\":[\"https:\/\/cristyleonard.com\/nl\/product\/gallery-of-legendary-soccer-players\/\"]}]},{\"@type\":\"ImageObject\",\"inLanguage\":\"nl-NL\",\"@id\":\"https:\/\/cristyleonard.com\/nl\/product\/gallery-of-legendary-soccer-players\/#primaryimage\",\"url\":\"https:\/\/cristyleonard.com\/wp-content\/uploads\/2023\/11\/IMG_6581-1.jpg\",\"contentUrl\":\"https:\/\/cristyleonard.com\/wp-content\/uploads\/2023\/11\/IMG_6581-1.jpg\",\"width\":1276,\"height\":634,\"caption\":\"gallery of legendary footballers\"},{\"@type\":\"BreadcrumbList\",\"@id\":\"https:\/\/cristyleonard.com\/nl\/product\/gallery-of-legendary-soccer-players\/#breadcrumb\",\"itemListElement\":[{\"@type\":\"ListItem\",\"position\":1,\"name\":\"Home\",\"item\":\"https:\/\/cristyleonard.com\/nl\/\"},{\"@type\":\"ListItem\",\"position\":2,\"name\":\"Gallery\",\"item\":\"https:\/\/cristyleonard.com\/nl\/gallery\/\"},{\"@type\":\"ListItem\",\"position\":3,\"name\":\"Gallery of legendary soccer players.\"}]},{\"@type\":\"WebSite\",\"@id\":\"https:\/\/cristyleonard.com\/#website\",\"url\":\"https:\/\/cristyleonard.com\/\",\"name\":\"CristyLeonard\",\"description\":\"Just another WordPress site\",\"potentialAction\":[{\"@type\":\"SearchAction\",\"target\":{\"@type\":\"EntryPoint\",\"urlTemplate\":\"https:\/\/cristyleonard.com\/?s={search_term_string}\"},\"query-input\":{\"@type\":\"PropertyValueSpecification\",\"valueRequired\":true,\"valueName\":\"search_term_string\"}}],\"inLanguage\":\"nl-NL\"}]}<\/script>\n<!-- \/ Yoast SEO plugin. -->","yoast_head_json":{"title":"Gallery of legendary soccer players. - CristyLeonard","description":"Gallery of legendary soccer players. Ge\u00efnspireerd op het Laatste Avondmaal (Il Cenacolo of L'Ultima Cena) de muurschildering van Leonardo da Vinci.","robots":{"index":"index","follow":"follow","max-snippet":"max-snippet:-1","max-image-preview":"max-image-preview:large","max-video-preview":"max-video-preview:-1"},"canonical":"https:\/\/cristyleonard.com\/nl\/product\/gallery-of-legendary-soccer-players\/","og_locale":"nl_NL","og_type":"article","og_title":"Gallery of legendary soccer players. - CristyLeonard","og_description":"Gallery of legendary soccer players. Ge\u00efnspireerd op het Laatste Avondmaal (Il Cenacolo of L'Ultima Cena) de muurschildering van Leonardo da Vinci.","og_url":"https:\/\/cristyleonard.com\/nl\/product\/gallery-of-legendary-soccer-players\/","og_site_name":"CristyLeonard","article_modified_time":"2024-01-31T15:11:04+00:00","og_image":[{"width":1276,"height":634,"url":"https:\/\/cristyleonard.com\/wp-content\/uploads\/2023\/11\/IMG_6581-1.jpg","type":"image\/jpeg"}],"twitter_card":"summary_large_image","twitter_misc":{"Geschatte leestijd":"2 minuten"},"schema":{"@context":"https:\/\/schema.org","@graph":[{"@type":"WebPage","@id":"https:\/\/cristyleonard.com\/nl\/product\/gallery-of-legendary-soccer-players\/","url":"https:\/\/cristyleonard.com\/nl\/product\/gallery-of-legendary-soccer-players\/","name":"Gallery of legendary soccer players. - CristyLeonard","isPartOf":{"@id":"https:\/\/cristyleonard.com\/#website"},"primaryImageOfPage":{"@id":"https:\/\/cristyleonard.com\/nl\/product\/gallery-of-legendary-soccer-players\/#primaryimage"},"image":{"@id":"https:\/\/cristyleonard.com\/nl\/product\/gallery-of-legendary-soccer-players\/#primaryimage"},"thumbnailUrl":"https:\/\/cristyleonard.com\/wp-content\/uploads\/2023\/11\/IMG_6581-1.jpg","datePublished":"2023-11-05T14:19:44+00:00","dateModified":"2024-01-31T15:11:04+00:00","description":"Gallery of legendary soccer players. Ge\u00efnspireerd op het Laatste Avondmaal (Il Cenacolo of L'Ultima Cena) de muurschildering van Leonardo da Vinci.","breadcrumb":{"@id":"https:\/\/cristyleonard.com\/nl\/product\/gallery-of-legendary-soccer-players\/#breadcrumb"},"inLanguage":"nl-NL","potentialAction":[{"@type":"ReadAction","target":["https:\/\/cristyleonard.com\/nl\/product\/gallery-of-legendary-soccer-players\/"]}]},{"@type":"ImageObject","inLanguage":"nl-NL","@id":"https:\/\/cristyleonard.com\/nl\/product\/gallery-of-legendary-soccer-players\/#primaryimage","url":"https:\/\/cristyleonard.com\/wp-content\/uploads\/2023\/11\/IMG_6581-1.jpg","contentUrl":"https:\/\/cristyleonard.com\/wp-content\/uploads\/2023\/11\/IMG_6581-1.jpg","width":1276,"height":634,"caption":"gallery of legendary footballers"},{"@type":"BreadcrumbList","@id":"https:\/\/cristyleonard.com\/nl\/product\/gallery-of-legendary-soccer-players\/#breadcrumb","itemListElement":[{"@type":"ListItem","position":1,"name":"Home","item":"https:\/\/cristyleonard.com\/nl\/"},{"@type":"ListItem","position":2,"name":"Gallery","item":"https:\/\/cristyleonard.com\/nl\/gallery\/"},{"@type":"ListItem","position":3,"name":"Gallery of legendary soccer players."}]},{"@type":"WebSite","@id":"https:\/\/cristyleonard.com\/#website","url":"https:\/\/cristyleonard.com\/","name":"CristyLeonard","description":"Just another WordPress site","potentialAction":[{"@type":"SearchAction","target":{"@type":"EntryPoint","urlTemplate":"https:\/\/cristyleonard.com\/?s={search_term_string}"},"query-input":{"@type":"PropertyValueSpecification","valueRequired":true,"valueName":"search_term_string"}}],"inLanguage":"nl-NL"}]}},"_links":{"self":[{"href":"https:\/\/cristyleonard.com\/nl\/wp-json\/wp\/v2\/product\/412","targetHints":{"allow":["GET"]}}],"collection":[{"href":"https:\/\/cristyleonard.com\/nl\/wp-json\/wp\/v2\/product"}],"about":[{"href":"https:\/\/cristyleonard.com\/nl\/wp-json\/wp\/v2\/types\/product"}],"wp:featuredmedia":[{"embeddable":true,"href":"https:\/\/cristyleonard.com\/nl\/wp-json\/wp\/v2\/media\/409"}],"wp:attachment":[{"href":"https:\/\/cristyleonard.com\/nl\/wp-json\/wp\/v2\/media?parent=412"}],"wp:term":[{"taxonomy":"product_brand","embeddable":true,"href":"https:\/\/cristyleonard.com\/nl\/wp-json\/wp\/v2\/product_brand?post=412"},{"taxonomy":"product_cat","embeddable":true,"href":"https:\/\/cristyleonard.com\/nl\/wp-json\/wp\/v2\/product_cat?post=412"},{"taxonomy":"product_tag","embeddable":true,"href":"https:\/\/cristyleonard.com\/nl\/wp-json\/wp\/v2\/product_tag?post=412"}],"curies":[{"name":"wp","href":"https:\/\/api.w.org\/{rel}","templated":true}]}}